{"id":304,"date":"2018-11-10T19:08:06","date_gmt":"2018-11-10T19:08:06","guid":{"rendered":"https:\/\/zeschenkids.com.br\/grudy-loja\/?page_id=304"},"modified":"2018-11-10T19:08:06","modified_gmt":"2018-11-10T19:08:06","slug":"privacidade-e-seguranca","status":"publish","type":"page","link":"https:\/\/zeschenkids.com.br\/?page_id=304","title":{"rendered":"Privacidade e Seguran\u00e7a"},"content":{"rendered":"<p>Em manuten\u00e7\u00e3o<\/p>\n","protected":false},"excerpt":{"rendered":"<p>Em manuten\u00e7\u00e3o<\/p>\n","protected":false},"author":1,"featured_media":0,"parent":0,"menu_order":0,"comment_status":"closed","ping_status":"closed","template":"","meta":[],"_links":{"self":[{"href":"https:\/\/zeschenkids.com.br\/index.php?rest_route=\/wp\/v2\/pages\/304"}],"collection":[{"href":"https:\/\/zeschenkids.com.br\/index.php?rest_route=\/wp\/v2\/pages"}],"about":[{"href":"https:\/\/zeschenkids.com.br\/index.php?rest_route=\/wp\/v2\/types\/page"}],"author":[{"embeddable":true,"href":"https:\/\/zeschenkids.com.br\/index.php?rest_route=\/wp\/v2\/users\/1"}],"replies":[{"embeddable":true,"href":"https:\/\/zeschenkids.com.br\/index.php?rest_route=%2Fwp%2Fv2%2Fcomments&post=304"}],"version-history":[{"count":1,"href":"https:\/\/zeschenkids.com.br\/index.php?rest_route=\/wp\/v2\/pages\/304\/revisions"}],"predecessor-version":[{"id":305,"href":"https:\/\/zeschenkids.com.br\/index.php?rest_route=\/wp\/v2\/pages\/304\/revisions\/305"}],"wp:attachment":[{"href":"https:\/\/zeschenkids.com.br\/index.php?rest_route=%2Fwp%2Fv2%2Fmedia&parent=304"}],"curies":[{"name":"wp","href":"https:\/\/api.w.org\/{rel}","templated":true}]}}